{"id":35,"date":"2026-02-06T21:45:07","date_gmt":"2026-02-06T21:45:07","guid":{"rendered":"https:\/\/evalueventos.com\/index.php\/inicio\/"},"modified":"2026-02-06T22:42:29","modified_gmt":"2026-02-06T22:42:29","slug":"inicio","status":"publish","type":"page","link":"https:\/\/evalueventos.com\/","title":{"rendered":"Evalu Eventos"},"content":{"rendered":"\r\n<style>\r\n.evalu-hero {\r\n    background: linear-gradient(135deg, #FF6B6B 0%, #FFE66D 25%, #4ECDC4 50%, #95E1D3 75%, #F38181 100%);\r\n    background-size: 400% 400%;\r\n    animation: gradientBG 15s ease infinite;\r\n    padding: 60px 20px;\r\n    text-align: center;\r\n    border-radius: 30px;\r\n    margin: 20px;\r\n    box-shadow: 0 20px 60px rgba(0,0,0,0.15);\r\n}\r\n@keyframes gradientBG {\r\n    0% { background-position: 0% 50%; }\r\n    50% { background-position: 100% 50%; }\r\n    100% { background-position: 0% 50%; }\r\n}\r\n.evalu-title {\r\n    font-size: 3.5em;\r\n    color: white;\r\n    text-shadow: 3px 3px 0 #FF6B6B, 6px 6px 0 rgba(0,0,0,0.1);\r\n    margin-bottom: 10px;\r\n    font-weight: 900;\r\n}\r\n.evalu-subtitle {\r\n    font-size: 1.8em;\r\n    color: white;\r\n    text-shadow: 2px 2px 4px rgba(0,0,0,0.2);\r\n    margin-bottom: 30px;\r\n}\r\n.evalu-emoji {\r\n    font-size: 4em;\r\n    display: block;\r\n    margin-bottom: 20px;\r\n    animation: bounce 2s infinite;\r\n}\r\n@keyframes bounce {\r\n    0%, 100% { transform: translateY(0); }\r\n    50% { transform: translateY(-20px); }\r\n}\r\n.evalu-services {\r\n    background: white;\r\n    padding: 50px 30px;\r\n    margin: 30px 20px;\r\n    border-radius: 30px;\r\n    box-shadow: 0 10px 40px rgba(0,0,0,0.1);\r\n}\r\n.evalu-services h2 {\r\n    color: #FF6B6B;\r\n    font-size: 2.2em;\r\n    text-align: center;\r\n    margin-bottom: 30px;\r\n}\r\n.services-grid {\r\n    display: grid;\r\n    grid-template-columns: repeat(auto-fit, minmax(200px, 1fr));\r\n    gap: 20px;\r\n    max-width: 900px;\r\n    margin: 0 auto;\r\n}\r\n.service-item {\r\n    background: linear-gradient(135deg, #667eea 0%, #764ba2 100%);\r\n    padding: 25px;\r\n    border-radius: 20px;\r\n    text-align: center;\r\n    color: white;\r\n    font-size: 1.1em;\r\n    font-weight: 600;\r\n    transition: transform 0.3s, box-shadow 0.3s;\r\n}\r\n.service-item:nth-child(2) { background: linear-gradient(135deg, #f093fb 0%, #f5576c 100%); }\r\n.service-item:nth-child(3) { background: linear-gradient(135deg, #4facfe 0%, #00f2fe 100%); }\r\n.service-item:nth-child(4) { background: linear-gradient(135deg, #43e97b 0%, #38f9d7 100%); }\r\n.service-item:nth-child(5) { background: linear-gradient(135deg, #fa709a 0%, #fee140 100%); }\r\n.service-item:nth-child(6) { background: linear-gradient(135deg, #a18cd1 0%, #fbc2eb 100%); }\r\n.service-item:nth-child(7) { background: linear-gradient(135deg, #ff9a9e 0%, #fecfef 100%); }\r\n.service-item:nth-child(8) { background: linear-gradient(135deg, #ffecd2 0%, #fcb69f 100%); color: #333; }\r\n.service-item:hover {\r\n    transform: translateY(-10px) scale(1.05);\r\n    box-shadow: 0 15px 30px rgba(0,0,0,0.2);\r\n}\r\n.service-item span {\r\n    font-size: 2em;\r\n    display: block;\r\n    margin-bottom: 10px;\r\n}\r\n.evalu-booking {\r\n    background: linear-gradient(135deg, #667eea 0%, #764ba2 100%);\r\n    padding: 50px 30px;\r\n    margin: 30px 20px;\r\n    border-radius: 30px;\r\n    text-align: center;\r\n}\r\n.evalu-booking h2 {\r\n    color: white;\r\n    font-size: 2.2em;\r\n    margin-bottom: 10px;\r\n    text-shadow: 2px 2px 4px rgba(0,0,0,0.2);\r\n}\r\n.evalu-booking > p {\r\n    color: rgba(255,255,255,0.9);\r\n    font-size: 1.2em;\r\n    margin-bottom: 30px;\r\n}\r\n.booking-calendar-wrapper {\r\n    background: white;\r\n    padding: 30px;\r\n    border-radius: 20px;\r\n    max-width: 900px;\r\n    margin: 0 auto;\r\n}\r\n.login-required {\r\n    text-align: center;\r\n    padding: 20px;\r\n}\r\n.login-required h3 {\r\n    color: #667eea;\r\n    margin-bottom: 20px;\r\n    font-size: 1.5em;\r\n}\r\n.login-required p {\r\n    color: #666;\r\n    margin-bottom: 25px;\r\n}\r\n.user-welcome {\r\n    background: #d4edda;\r\n    border: 2px solid #28a745;\r\n    padding: 15px;\r\n    border-radius: 15px;\r\n    margin-bottom: 20px;\r\n    color: #155724;\r\n}\r\n.evalu-contact {\r\n    background: linear-gradient(135deg, #FF6B6B 0%, #FFE66D 100%);\r\n    padding: 50px 30px;\r\n    margin: 30px 20px;\r\n    border-radius: 30px;\r\n    text-align: center;\r\n}\r\n.evalu-contact h2 {\r\n    color: white;\r\n    font-size: 2.2em;\r\n    margin-bottom: 20px;\r\n    text-shadow: 2px 2px 4px rgba(0,0,0,0.1);\r\n}\r\n.phone-number {\r\n    font-size: 2.5em;\r\n    color: white;\r\n    font-weight: 900;\r\n    background: rgba(255,255,255,0.3);\r\n    padding: 20px 40px;\r\n    border-radius: 50px;\r\n    display: inline-block;\r\n    margin: 20px 0;\r\n    text-shadow: 2px 2px 4px rgba(0,0,0,0.1);\r\n}\r\n.phone-number a {\r\n    color: white;\r\n    text-decoration: none;\r\n}\r\n.facebook-btn {\r\n    display: inline-block;\r\n    background: #4267B2;\r\n    color: white !important;\r\n    padding: 18px 40px;\r\n    font-size: 1.3em;\r\n    font-weight: bold;\r\n    text-decoration: none;\r\n    border-radius: 50px;\r\n    margin-top: 20px;\r\n    transition: transform 0.3s, box-shadow 0.3s;\r\n    box-shadow: 0 10px 30px rgba(66,103,178,0.4);\r\n}\r\n.facebook-btn:hover {\r\n    transform: translateY(-5px);\r\n    box-shadow: 0 15px 40px rgba(66,103,178,0.5);\r\n    color: white !important;\r\n}\r\n.evalu-form {\r\n    background: white;\r\n    padding: 50px 30px;\r\n    margin: 30px 20px;\r\n    border-radius: 30px;\r\n    box-shadow: 0 10px 40px rgba(0,0,0,0.1);\r\n}\r\n.evalu-form h2 {\r\n    color: #4ECDC4;\r\n    font-size: 2em;\r\n    text-align: center;\r\n    margin-bottom: 30px;\r\n}\r\n.evalu-form .wpcf7 {\r\n    max-width: 500px;\r\n    margin: 0 auto;\r\n}\r\n.evalu-form input[type=\"text\"],\r\n.evalu-form input[type=\"email\"],\r\n.evalu-form input[type=\"tel\"],\r\n.evalu-form textarea,\r\n.evalu-form select {\r\n    width: 100%;\r\n    padding: 15px;\r\n    margin: 10px 0;\r\n    border: 3px solid #4ECDC4;\r\n    border-radius: 15px;\r\n    font-size: 1em;\r\n    box-sizing: border-box;\r\n}\r\n.evalu-form input:focus,\r\n.evalu-form textarea:focus {\r\n    border-color: #FF6B6B;\r\n    outline: none;\r\n}\r\n.evalu-form input[type=\"submit\"] {\r\n    background: linear-gradient(135deg, #FF6B6B 0%, #FFE66D 100%);\r\n    color: white;\r\n    border: none;\r\n    padding: 15px 40px;\r\n    font-weight: bold;\r\n    font-size: 1.2em;\r\n    cursor: pointer;\r\n    transition: transform 0.3s;\r\n    border-radius: 50px;\r\n    width: auto;\r\n}\r\n.evalu-form input[type=\"submit\"]:hover {\r\n    transform: scale(1.05);\r\n}\r\n.evalu-footer {\r\n    text-align: center;\r\n    padding: 30px;\r\n    color: #666;\r\n}\r\n.pending-notice {\r\n    background: #fff3cd;\r\n    border: 2px solid #ffc107;\r\n    padding: 15px 25px;\r\n    border-radius: 15px;\r\n    margin-top: 20px;\r\n    color: #856404;\r\n    font-size: 0.95em;\r\n    text-align: center;\r\n}\r\n.nsl-container-buttons {\r\n    justify-content: center !important;\r\n}\r\n.nsl-button-facebook {\r\n    border-radius: 50px !important;\r\n    padding: 15px 35px !important;\r\n    font-size: 1.1em !important;\r\n}\r\n<\/style>\r\n\r\n<div class=\"evalu-hero\">\r\n    <span class=\"evalu-emoji\">\ud83c\udf88\ud83c\udf89\ud83c\udfa8<\/span>\r\n    <h1 class=\"evalu-title\">Evalu Eventos<\/h1>\r\n    <p class=\"evalu-subtitle\">Transformamos a festa do seu filho numa aventura m\u00e1gica!<\/p>\r\n<\/div>\r\n\r\n<div class=\"evalu-services\">\r\n    <h2>\u2728 O Que Fazemos \u2728<\/h2>\r\n    <div class=\"services-grid\">\r\n        <div class=\"service-item\"><span>\ud83c\udfa8<\/span>Pinturas Faciais<\/div>\r\n        <div class=\"service-item\"><span>\ud83c\udf88<\/span>Modelagem de Bal\u00f5es<\/div>\r\n        <div class=\"service-item\"><span>\ud83c\udfae<\/span>Jogos e Anima\u00e7\u00e3o<\/div>\r\n        <div class=\"service-item\"><span>\ud83c\udfad<\/span>Teatro e Magia<\/div>\r\n        <div class=\"service-item\"><span>\ud83d\udc3b<\/span>Mascotes<\/div>\r\n        <div class=\"service-item\"><span>\ud83c\udff0<\/span>Insufl\u00e1veis<\/div>\r\n        <div class=\"service-item\"><span>\ud83c\udfa8<\/span>Express\u00e3o Pl\u00e1stica<\/div>\r\n        <div class=\"service-item\"><span>\ud83c\udf80<\/span>Decora\u00e7\u00e3o<\/div>\r\n    <\/div>\r\n<\/div>\r\n\r\n<div class=\"evalu-booking\" id=\"reservar\">\r\n    <h2>\ud83d\udcc5 Reserve a Sua Festa<\/h2>\r\n    <p>Escolha a data perfeita para o seu evento!<\/p>\r\n    <div class=\"booking-calendar-wrapper\">\r\n                <div class=\"login-required\">\n            <h3>\ud83d\udd10 Autentica\u00e7\u00e3o Necess\u00e1ria<\/h3>\n            <p>Para fazer uma reserva, por favor entre com a sua conta Facebook:<\/p>\n            [nextend_social_login]            <p style=\"margin-top: 20px; font-size: 0.9em; color: #888;\">\n                Usamos o Facebook para garantir a autenticidade das reservas.\n            <\/p>\n        <\/div>\n        \r\n    <\/div>\r\n<\/div>\r\n\r\n<div class=\"evalu-contact\">\r\n    <h2>\ud83d\udcde Contacto Direto<\/h2>\r\n    <div class=\"phone-number\"><a href=\"tel:+351910315901\">910 315 901<\/a><\/div>\r\n    <br>\r\n    <a href=\"https:\/\/www.facebook.com\/profile.php?id=61551114736185\" target=\"_blank\" class=\"facebook-btn\">\ud83d\udcac Fale Connosco no Facebook<\/a>\r\n<\/div>\r\n\r\n<div class=\"evalu-form\" id=\"contacto\">\r\n    <h2>\ud83d\udcdd Envie-nos uma Mensagem<\/h2>\r\n    \n<div class=\"wpcf7 no-js\" id=\"wpcf7-f5-o1\" lang=\"pt-PT\" dir=\"ltr\" data-wpcf7-id=\"5\">\n<div class=\"screen-reader-response\"><p role=\"status\" aria-live=\"polite\" aria-atomic=\"true\"><\/p> <ul><\/ul><\/div>\n<form action=\"\/index.php\/wp-json\/wp\/v2\/pages\/35#wpcf7-f5-o1\" method=\"post\" class=\"wpcf7-form init\" aria-label=\"Formul\u00e1rio de contacto\" novalidate=\"novalidate\" data-status=\"init\">\n<fieldset class=\"hidden-fields-container\"><input type=\"hidden\" name=\"_wpcf7\" value=\"5\" \/><input type=\"hidden\" name=\"_wpcf7_version\" value=\"6.1.4\" \/><input type=\"hidden\" name=\"_wpcf7_locale\" value=\"pt_PT\" \/><input type=\"hidden\" name=\"_wpcf7_unit_tag\" value=\"wpcf7-f5-o1\" \/><input type=\"hidden\" name=\"_wpcf7_container_post\" value=\"0\" \/><input type=\"hidden\" name=\"_wpcf7_posted_data_hash\" value=\"\" \/>\n<\/fieldset>\n<p><label>Nome *<\/label><br \/>\n<span class=\"wpcf7-form-control-wrap\" data-name=\"your-name\"><input size=\"40\" maxlength=\"400\" class=\"wpcf7-form-control wpcf7-text wpcf7-validates-as-required\" aria-required=\"true\" aria-invalid=\"false\" placeholder=\"O seu nome\" value=\"\" type=\"text\" name=\"your-name\" \/><\/span>\n<\/p>\n<p><label>Email *<\/label><br \/>\n<span class=\"wpcf7-form-control-wrap\" data-name=\"your-email\"><input size=\"40\" maxlength=\"400\" class=\"wpcf7-form-control wpcf7-email wpcf7-validates-as-required wpcf7-text wpcf7-validates-as-email\" aria-required=\"true\" aria-invalid=\"false\" placeholder=\"O seu email\" value=\"\" type=\"email\" name=\"your-email\" \/><\/span>\n<\/p>\n<p><label>Telefone<\/label><br \/>\n<span class=\"wpcf7-form-control-wrap\" data-name=\"your-phone\"><input size=\"40\" maxlength=\"400\" class=\"wpcf7-form-control wpcf7-tel wpcf7-text wpcf7-validates-as-tel\" aria-invalid=\"false\" placeholder=\"O seu telefone\" value=\"\" type=\"tel\" name=\"your-phone\" \/><\/span>\n<\/p>\n<p><label>Tipo de Evento<\/label><br \/>\n<span class=\"wpcf7-form-control-wrap\" data-name=\"your-event\"><select class=\"wpcf7-form-control wpcf7-select\" aria-invalid=\"false\" name=\"your-event\"><option value=\"Anivers\u00e1rio\">Anivers\u00e1rio<\/option><option value=\"Baby Shower\">Baby Shower<\/option><option value=\"Casamento\">Casamento<\/option><option value=\"Festa Escolar\">Festa Escolar<\/option><option value=\"Festa Privada\">Festa Privada<\/option><option value=\"Outro\">Outro<\/option><\/select><\/span>\n<\/p>\n<p><label>Mensagem<\/label><br \/>\n<span class=\"wpcf7-form-control-wrap\" data-name=\"your-message\"><textarea cols=\"40\" rows=\"10\" maxlength=\"2000\" class=\"wpcf7-form-control wpcf7-textarea\" aria-invalid=\"false\" placeholder=\"Conte-nos sobre o seu evento...\" name=\"your-message\"><\/textarea><\/span>\n<\/p>\n<p><input class=\"wpcf7-form-control wpcf7-submit has-spinner\" type=\"submit\" value=\"Enviar Mensagem\" \/>\n<\/p><div class=\"wpcf7-response-output\" aria-hidden=\"true\"><\/div>\n<\/form>\n<\/div>\n\r\n<\/div>\r\n\r\n<div class=\"evalu-footer\">\r\n    <p>\ud83c\udf82 Anivers\u00e1rios \u2022 \ud83d\udc76 Baby Showers \u2022 \ud83d\udc92 Casamentos \u2022 \ud83c\udfeb Escolas \u2022 \ud83c\udfaa Festas P\u00fablicas e Privadas<\/p>\r\n<\/div>\r\n","protected":false},"excerpt":{"rendered":"<p>\ud83c\udf88\ud83c\udf89\ud83c\udfa8 Evalu Eventos Transformamos a festa do seu filho numa aventura m\u00e1gica! \u2728 O Que Fazemos \u2728 \ud83c\udfa8Pinturas Faciais \ud83c\udf88Modelagem [&hellip;]<\/p>\n","protected":false},"author":0,"featured_media":0,"parent":0,"menu_order":0,"comment_status":"closed","ping_status":"closed","template":"","meta":{"site-sidebar-layout":"default","site-content-layout":"","ast-site-content-layout":"default","site-content-style":"default","site-sidebar-style":"default","ast-global-header-display":"","ast-banner-title-visibility":"","ast-main-header-display":"","ast-hfb-above-header-display":"","ast-hfb-below-header-display":"","ast-hfb-mobile-header-display":"","site-post-title":"","ast-breadcrumbs-content":"","ast-featured-img":"","footer-sml-layout":"","ast-disable-related-posts":"","theme-transparent-header-meta":"","adv-header-id-meta":"","stick-header-meta":"","header-above-stick-meta":"","header-main-stick-meta":"","header-below-stick-meta":"","astra-migrate-meta-layouts":"default","ast-page-background-enabled":"default","ast-page-background-meta":{"desktop":{"background-color":"var(--ast-global-color-5)","background-image":"","background-repeat":"repeat","background-position":"center center","background-size":"auto","background-attachment":"scroll","background-type":"","background-media":"","overlay-type":"","overlay-color":"","overlay-opacity":"","overlay-gradient":""},"tablet":{"background-color":"","background-image":"","background-repeat":"repeat","background-position":"center center","background-size":"auto","background-attachment":"scroll","background-type":"","background-media":"","overlay-type":"","overlay-color":"","overlay-opacity":"","overlay-gradient":""},"mobile":{"background-color":"","background-image":"","background-repeat":"repeat","background-position":"center center","background-size":"auto","background-attachment":"scroll","background-type":"","background-media":"","overlay-type":"","overlay-color":"","overlay-opacity":"","overlay-gradient":""}},"ast-content-background-meta":{"desktop":{"background-color":"var(--ast-global-color-4)","background-image":"","background-repeat":"repeat","background-position":"center center","background-size":"auto","background-attachment":"scroll","background-type":"","background-media":"","overlay-type":"","overlay-color":"","overlay-opacity":"","overlay-gradient":""},"tablet":{"background-color":"var(--ast-global-color-4)","background-image":"","background-repeat":"repeat","background-position":"center center","background-size":"auto","background-attachment":"scroll","background-type":"","background-media":"","overlay-type":"","overlay-color":"","overlay-opacity":"","overlay-gradient":""},"mobile":{"background-color":"var(--ast-global-color-4)","background-image":"","background-repeat":"repeat","background-position":"center center","background-size":"auto","background-attachment":"scroll","background-type":"","background-media":"","overlay-type":"","overlay-color":"","overlay-opacity":"","overlay-gradient":""}},"footnotes":""},"class_list":["post-35","page","type-page","status-publish","hentry"],"_links":{"self":[{"href":"https:\/\/evalueventos.com\/index.php\/wp-json\/wp\/v2\/pages\/35","targetHints":{"allow":["GET"]}}],"collection":[{"href":"https:\/\/evalueventos.com\/index.php\/wp-json\/wp\/v2\/pages"}],"about":[{"href":"https:\/\/evalueventos.com\/index.php\/wp-json\/wp\/v2\/types\/page"}],"replies":[{"embeddable":true,"href":"https:\/\/evalueventos.com\/index.php\/wp-json\/wp\/v2\/comments?post=35"}],"version-history":[{"count":6,"href":"https:\/\/evalueventos.com\/index.php\/wp-json\/wp\/v2\/pages\/35\/revisions"}],"predecessor-version":[{"id":44,"href":"https:\/\/evalueventos.com\/index.php\/wp-json\/wp\/v2\/pages\/35\/revisions\/44"}],"wp:attachment":[{"href":"https:\/\/evalueventos.com\/index.php\/wp-json\/wp\/v2\/media?parent=35"}],"curies":[{"name":"wp","href":"https:\/\/api.w.org\/{rel}","templated":true}]}}